{"id":49,"date":"2018-06-28T13:29:17","date_gmt":"2018-06-28T13:29:17","guid":{"rendered":"https:\/\/musikcenter.de\/?page_id=49"},"modified":"2018-06-28T13:34:36","modified_gmt":"2018-06-28T13:34:36","slug":"musikerwitze","status":"publish","type":"page","link":"https:\/\/musikcenter.de\/?page_id=49","title":{"rendered":"Musikerwitze"},"content":{"rendered":"<p>&nbsp;<\/p>\n<table class=\" alignleft\" width=\"100%\">\n<tbody>\n<tr>\n<td width=\"100%\"><strong>So\u00b4n Quatsch\u00a0<\/strong>Musikerwitze gesammelt von<strong> Musikladen Bendorf<br \/>\n<\/strong><\/td>\n<\/tr>\n<tr>\n<td width=\"100%\"><span style=\"color: #ff0000;\">Achtung !!!wir \u00fcbernehmen keine Verantwortung f\u00fcr die Richtigkeit und den daraus resultierenden Spa\u00dffaktor, au\u00dferdem entschuldigen wir uns bei allen betroffenen Minderheiten.<\/span><\/p>\n<hr \/>\n<\/td>\n<\/tr>\n<tr>\n<td width=\"100%\"><em><strong>Unsere Leserbeitr\u00e4ge. Danke und bitte mehr davon !<\/strong><\/em><\/td>\n<\/tr>\n<tr>\n<td width=\"100%\">Noch zwei Gitarristenl\u00fcgen: &#8222;Ich bin nicht zu laut!&#8220; &#8222;Ich hab&#8216; schon\u00a0 leiser gedreht!&#8220;<\/td>\n<\/tr>\n<tr>\n<td width=\"100%\">Was ist der Unterschied zwischen Terroristen und Gitarristen? Mit Terroristen kann man verhandeln.<\/td>\n<\/tr>\n<tr>\n<td width=\"100%\">Wieviele Gitarristen braucht es, um eine Neonr\u00f6hre zu wechseln? Sechs;\u00a0 einer der&#8217;s tut und f\u00fcnf, die dar\u00fcber diskutieren, ob&#8217;s mit der alten\u00a0 besser klingt.<\/td>\n<\/tr>\n<tr>\n<td width=\"100%\">&#8222;Mammi, Mammi, wenn ich erwachsen bin, werd&#8216; ich Gitarrist!&#8220; &#8222;Nein,\u00a0 Kai-Uwe, beides geht nicht!&#8220;<\/td>\n<\/tr>\n<tr>\n<td width=\"100%\">Frage: Woraus werden Trompeten gemacht?<br \/>\nAntwort: Aus kaputten Saxophonen! von Stefan V.<\/td>\n<\/tr>\n<tr>\n<td width=\"100%\">Was haben Bl\u00e4ser und eine Handgranate gemeinsam?<br \/>\nWenn du&#8217;s h\u00f6rst, ist es zu sp\u00e4t!\u00a0\u00a0\u00a0\u00a0\u00a0\u00a0\u00a0\u00a0\u00a0\u00a0\u00a0\u00a0\u00a0\u00a0\u00a0\u00a0\u00a0\u00a0\u00a0\u00a0 von Fam. Wein<\/td>\n<\/tr>\n<tr>\n<td width=\"100%\">Was ist der Unterschied zwischen einem Roadie und einem Groupie ????Ein Roadie ist ein Groupie, das sich hochschleppt &#8211; ein Groupie ist ein Roadie. der sich hochschl\u00e4ft.<\/td>\n<\/tr>\n<tr>\n<td width=\"100%\">Ein Musiker geht an einer Kneipe vorbei&#8230;&#8230;&#8230;&#8230;&#8230;<\/td>\n<\/tr>\n<tr>\n<td width=\"100%\">Was haben Kondome und Keyboarder gemeinsam?Mit ist Sicherer aber ohne ist Sch\u00f6ner.<\/td>\n<\/tr>\n<tr>\n<td width=\"100%\">Was ist der Unterschied zwischen einer S\u00e4ngerin und einem Keyboarder?Ein Viertel Ton.<\/td>\n<\/tr>\n<tr>\n<td width=\"100%\">Die\u00a0Drei gr\u00f6\u00dften Musikerl\u00fcgen:1. Wir m\u00fcssen unbedingt was zusammen machen2. Die Gage ist schon \u00fcberwiesen3. Nein ich hatte nichts mit deiner Frau<\/td>\n<\/tr>\n<tr>\n<td width=\"100%\">Was ist der Unterschied zwischen einer Pizza und einem Basser?Von der Pizza wird eine 4-K\u00f6pfige Familie satt; oder:Die Pizza hat was drauf.<\/td>\n<\/tr>\n<tr>\n<td width=\"100%\">Was sind die schlimmsten Feinde eines Musikers?\u00a0&#8230;&#8230;&#8230;&#8230;&#8230;Tageslicht und Frischluft\u00a0 von Andi &#8230;<a href=\"https:\/\/email.t-online.de\/index.php?ctl=dereferer&amp;to=aHR0cDovL3d3dy5ob2RhbHVtcC5kZQ%3D%3D\">www.hodalump.de<\/a><\/td>\n<\/tr>\n<tr>\n<td width=\"100%\">Frage: Was muss ein Musiker trinken, um einen Promillewert von 1,8 zu erreichen???Antwort: Mindestens zwei Tage nix! von Heiko M.<\/td>\n<\/tr>\n<tr>\n<td width=\"100%\">Sagt der Bassist zum Drummer: \u201e\u2026spiel doch endlich mal dynamischer!\u201c Darauf antwortet der Drummer: \u201e\u2026ich spiel doch schon so laut ich kann\u2026\u201c von Dirk Weber<\/td>\n<\/tr>\n<tr>\n<td width=\"100%\">Was denkt die blonde Bl\u00e4serin, wenn sie in 10 Meter Entfernung eine Bananenschale auf dem Gehweg sieht\u00a0 ? &#8220; Oh Schande! Gleich fall ich auf die Schnauze.&#8220;<\/td>\n<\/tr>\n<tr>\n<td width=\"100%\">Woran erkennt man einen Drummer vor der T\u00fcre ? An dem unrhythmischen Klopfen!!!\u00a0\u00a0 von Herrn Gschhwill<\/td>\n<\/tr>\n<tr>\n<td width=\"100%\">Chauffeur Kalle m\u00f6chte seiner Auserw\u00e4hlten ein Musikinstrument schenken. Beide im Musikgesch\u00e4ft fragt er den Verk\u00e4ufer. &#8222;Welches Instrument pa\u00dft am besten zu ihr ?&#8220; Der Verk\u00e4uder mustert die betagte Blondine und antwortet spontan: &#8222;Akkordeon&#8220;\u00a0 Kalle: &#8222;Wieso ?&#8220;\u00a0 Der Fachverk\u00e4ufer: &#8222;Ist das richtige bei Blasenschw\u00e4che und das einzige Instrument mit mehr Falten !&#8220;<\/td>\n<\/tr>\n<tr>\n<td width=\"100%\">Was sind drei Blondinen auf einem Sofa?<\/p>\n<p><strong>Eine Popgruppe. !<\/strong><\/td>\n<\/tr>\n<tr>\n<td width=\"100%\">Was bekommt man, wenn man 2 Schlagzeuger Ohr an Ohr stellt?<\/p>\n<p>Einen Windkanal !<\/td>\n<\/tr>\n<tr>\n<td width=\"100%\">Was macht eine blonde Mandolinenspielerin nach dem Aufstehen? Sie zieht sich an, stellt sich vor und geht dann nach Hause.<\/td>\n<\/tr>\n<tr>\n<td width=\"100%\">Was bringt\u00a0 die Augen einer blonden Geigerin zum Leuchten? Der Klang einer Stradivari oder wenn man ihr eine Taschenlampe ans Ohr h\u00e4lt.<\/td>\n<\/tr>\n<tr>\n<td width=\"100%\">Frage an Radio Eriwan: Hi, ich bin der B\u00e4ndlieder unserer Innungsb\u00e4nd &#8222;Gaswatershit&#8220; und wir haben vor knapp 9 Monaten zur Er\u00f6ffnungsfeier des Seniorenheims &#8222;Dritte Z\u00e4hne&#8220; in M. musiziert. Geiler Auftritt. Bei unser Zugabe dem Song &#8220; Willst du ein Kind von mir?&#8220; hat eine Insassin laut &#8222;ja&#8220; gebr\u00fcllt. Seitdem werde ich damit bedr\u00e4ngt sie w\u00e4re schwanger. Kann man durch Boxen schwanger werden ? Radio: Eriwan: Im Prinzip nein. Doch bei agressivem Speichel solltest du doch lieber ein Kondom \u00fcber das Mikrofon ziehen.<\/td>\n<\/tr>\n<tr>\n<td width=\"100%\">&#8222;Du scheinst eine Schw\u00e4che zu haben, mein lieber Kalle&#8220;, meint der Arzt nach der Untersuchung, &#8222;n\u00e4mlich das Trinken!&#8220; &#8222;Im Gegenteil, Herr Doktor, das ist meine St\u00e4rke!!!&#8220;<\/td>\n<\/tr>\n<tr>\n<td width=\"100%\">Was passiert, wenn eine Blondine Alzheimer\u00a0 bekommt?\u00a0Der IQ steigt !<\/td>\n<\/tr>\n<tr>\n<td width=\"100%\">Warum sitzt die Blondine nackt auf der Heizung?<br \/>\nWeil der Klempner meinte, da\u00df sie leckt!<\/td>\n<\/tr>\n<tr>\n<td width=\"100%\">Du Gabi stell dir vor mein Freund hat mir einen Deoroller gekauft, obwohl er genau wei\u00df dass ich keinen F\u00fchrerschein habe.<\/td>\n<\/tr>\n<tr>\n<td width=\"100%\">Der kleine Kalle hatte gestern einen absoluten Pechtag. Erst montiert ihm sein Vater die St\u00fctzr\u00e4der ab und dann brennt ihm noch sein Laufst\u00e4llchen ab. Seinen Berufswunsch Brieftr\u00e4ger kann er auch vergessen. Er kann noch nicht lesen was er machen soll.<\/td>\n<\/tr>\n<tr>\n<td width=\"100%\">Ein Bassist und sein Schlagzeuger sind auf dem Weg zum Auftritt. Da sagt der Bassist:&#8220; Guck mal da, ein toter Vogel.&#8220; Darauf schaut der Schlagzeuger nach oben und fragt: &#8220; Wo?&#8220;<\/td>\n<\/tr>\n<tr>\n<td width=\"100%\">Ein Posaunist sagt zu seinem Friseur:&#8220; Du musst mich mal bei dem morgigen Konzert vertreten.&#8220; Der Friseur darauf:&#8220; Ich kann doch keinen Ton blasen.&#8220; &#8222;Musst Du auch nicht. Da sind noch zwei weitere Posaunisten, du brauchst nur optisch so zutun.&#8220; Nach dem Konzert holt der Posaunist sein Musikinstrument ab und fragt, wie es denn gelaufen ist. Darauf der Friseur.&#8220; Es war ein Desaster,\u00a0 die anderen zwei waren auch Friseure !&#8220;<\/td>\n<\/tr>\n<tr>\n<td width=\"100%\">Musikantenstadl unterwegs ! Am Eingang der Festhalle h\u00e4ngt das Schild: \u00abHunde m\u00fcssen drau\u00dfen bleiben!\u00bb<br \/>\n&#8230;&#8230;&#8230;&#8230;&#8230;&#8230;&#8230;.. mit dem Zusatz: \u00abDer Tierschutzverein\u00bb<\/td>\n<\/tr>\n<tr>\n<td width=\"100%\">Warum legst du\u00a0 zwei Trommelst\u00f6cke auf\u00b4s Armaturenbrett ???Dann darf ich auf dem Behinderparkplatz parken !<\/td>\n<\/tr>\n<tr>\n<td width=\"100%\">5 Ganoven wollen eine Bank \u00fcberfallen. In der Bank \u00f6ffnen sie ihre Geigenk\u00e4sten und holen ihre Maschinenpistolen heraus und rufen, &#8222;\u00dcberfall&#8220;! Ein Gangster hat seine Geige im Kasten und schimpft:&#8220; so ein Mist, jetzt spielt mein Vater mit der Maschinenpistole im Orchester.&#8220;<\/td>\n<\/tr>\n<tr>\n<td width=\"100%\">Mitten in der W\u00fcste sitzt ein Mann und spielt zauberhaft Geige. Ein L\u00f6we umkreist ihn und legt sich nieder. Dann kommen noch zwei und lauschen ebenfalls den wundervollen Kl\u00e4ngen. Nach einiger Zeit kommt ein vierter L\u00f6we und frisst den Spieler auf.\u00a0Oben in der Palme meint ein Affe zum anderen: &#8222;Ich hab es dir doch gleich gesagt, sobald der Taube kommt, ist es mit der Musik vorbei..&#8220;<\/td>\n<\/tr>\n<tr>\n<td width=\"100%\">Warum marschieren Blasmusiker, w\u00e4hrend sie spielen?<br \/>\nWeil bewegliche Ziele schwerer zu treffen sind.<\/td>\n<\/tr>\n<tr>\n<td width=\"100%\">Kommt ein Urwaldforscher in ein afrikanisches Dorf, in dem jeden Tag von morgens bis abends getrommelt wird. Schlie\u00dflich geht der Forscher zum H\u00e4uptling der Dorfgemeinschaft und fragt, warum denn den hier ohne Ende getrommelt wird. Da antwortet der H\u00e4uptling: &#8222;Wir haben geh\u00f6rt, dass wenn das Getrommel aufh\u00f6rt, das Gitarren-Solo beginnt&#8230;&#8220;<\/td>\n<\/tr>\n<tr>\n<td width=\"100%\">Bassist zum Schlagzeuger:&#8220; Hatte gestern F\u00fchrerscheinpr\u00fcfung-leider nicht bestanden !&#8220; &#8222;Warum&#8220; &#8222;Bin in den Kreisel eingefahren. Da stand ein &lt;30&gt; Schild. Ich fahre 30 Runden. Der Pr\u00fcfer sagt danke, sie sind durchgefallen.&#8220; Schlagzeuger: &#8222;Ja vielleicht hast du dich verz\u00e4hlt !&#8220;<\/td>\n<\/tr>\n<tr>\n<td width=\"100%\">Fritzchen im Violinkonzert:&#8220;Mamma, gehen wir wenn der Onkel den Holzkasten zers\u00e4gt hat ?&#8220;<\/td>\n<\/tr>\n<tr>\n<td width=\"100%\">Zwiegespr\u00e4ch der Woche:&#8220;K\u00f6nnen Schlagzeuger eigentlich schwimmen ?&#8220; &#8222;Klar die sind doch hohl !!&#8220;Aber die m\u00fcssten normalerweise untergehen &#8211; die sind doch nicht ganz dicht.<\/td>\n<\/tr>\n<tr>\n<td width=\"100%\">Treffen sich zwei Schlagzeuger. Sagt der eine: \u00abIch hab mir letztens &#8217;n Duden gekauft.\u00bb<br \/>\nFragt der andere: \u00abUnd, wie klingt er?\u00bb<\/td>\n<\/tr>\n<tr>\n<td width=\"100%\">Petrus erscheint einem alten Musiker.<br \/>\n&#8222;Ich habe eine gute und eine schlechte Nachricht.<br \/>\nDie gute: Du bist ins Himmlische Orchester aufgenommen.<br \/>\nDie schlechte: Die erste Probe ist morgen, 9 Uhr!&#8220;<\/td>\n<\/tr>\n<tr>\n<td width=\"100%\">Warum stehen Rockmusiker um 6 Uhr auf?<br \/>\nWeil Aldi um halb sieben die T\u00fcr schlie\u00dft.<\/td>\n<\/tr>\n<tr>\n<td width=\"100%\">Ein Blinder und ein Tauber gr\u00fcnden eine Band.<br \/>\nNach kurzer Zeit haben sie ihren ersten Auftritt.<br \/>\nNach einer Weile fragt der Blinde: Du tanzen sie schon ?<br \/>\nDarauf der Taube: Wieso, spielen wir schon ?<\/td>\n<\/tr>\n<tr>\n<td width=\"100%\">Wozu braucht eine Band \u00fcberhaupt einen Schlagzeuger?<br \/>\nEiner muss ja schlie\u00dflich den Bassisten zur Probe abholen, ihn waschen, anziehen &#8211; und dann so laut spielen, dass man ihn nicht h\u00f6rt.<\/td>\n<\/tr>\n<tr>\n<td width=\"100%\">Was ist der Unterschied zwischen einem Kritiker und einem Eunuchen?<br \/>\nDa gibt&#8217;s keinen.<br \/>\nBeide wissen genau, wie man es machen muss, k\u00f6nnen&#8217;s aber nicht&#8230;<\/td>\n<\/tr>\n<tr>\n<td width=\"100%\">&#8222;Wenn du singst, m\u00f6chte ich gern Beethoven sein.&#8220;<br \/>\n&#8222;Weil du etwas f\u00fcr mich komponieren m\u00f6chtest?&#8220;<br \/>\n&#8222;Nein, weil Beethoven schwerh\u00f6rig war.&#8220;<\/td>\n<\/tr>\n<tr>\n<td width=\"100%\">Was ist der Unterschied zwischen einem Kritiker und einem Eunuchen?<br \/>\nDa gibt&#8217;s keinen.<br \/>\nBeide wissen genau, wie man es machen muss, k\u00f6nnen&#8217;s aber nicht&#8230;<\/td>\n<\/tr>\n<tr>\n<td width=\"100%\">Ein Gitarrist zum Metzger: &#8222;Ich h\u00e4tte gern den Ring Fleischwurst zum antesten.&#8220;<\/td>\n<\/tr>\n<tr>\n<td width=\"100%\">Was tut man, wenn ein Basser vor der T\u00fcr steht?<br \/>\nMan gibt ihm Geld und nimmt die Pizza entgegen.<\/td>\n<\/tr>\n<tr>\n<td width=\"100%\">Was ist der Unterschied zwischen einer Stratocaster und einer Les Paul? &#8211; Die Stratocaster brennt hei\u00dfer, die Les Paul brennt l\u00e4nger!<\/td>\n<\/tr>\n<tr>\n<td width=\"100%\">Wie bringt man einen Gitarristen dazu, leiser zu spielen? &#8211; Man legt ihm ein Notenblatt vor.<br \/>\nUnd wir bringt man ihn dazu, mit dem Spielen aufzuh\u00f6ren? &#8211; Man schreibt ein paar Noten drauf!<\/td>\n<\/tr>\n<tr>\n<td width=\"100%\">Wenn Du mit dem Auto unterwegs auf der Stra\u00dfe einen Bassisten und einen Gitarristen siehst, welchen \u00fcberf\u00e4hrst Du zuerst? &#8211; Den Bassisten, erst die Arbeit, dann das Vergn\u00fcgen.<\/td>\n<\/tr>\n<tr>\n<td width=\"100%\">Steht eine Gitarrist auf einem 10 Meter hohen Turm (mit Gitarre). Wenn er herunterspringt, was ist dann schneller unten &#8211; er oder die Gitarre?<br \/>\nEgal &#8211; Hauptsache er springt !!<\/td>\n<\/tr>\n<tr>\n<td width=\"100%\">Was haben der Blinddarm und ein Saxophonist gemeinsam?<br \/>\n&#8211; Sie k\u00f6nnen beide gro\u00dfe Schmerzen verursachen.<br \/>\n&#8211; Man vermi\u00dft sie nicht, wenn man sie los ist.<br \/>\n&#8211; Und bei beiden kann niemand sagen, wozu sie eigentlich gut sind.<\/td>\n<\/tr>\n<tr>\n<td width=\"100%\">Kommt ein Mann zum Arzt: &#8222;Herr Dr. ich habe meine Mundharmonika verschluckt&#8220; darauf der Arzt &#8220; Seien Sie froh, da\u00df\u00a0 sie kein Geiger sind&#8220;<\/td>\n<\/tr>\n<tr>\n<td width=\"100%\">Arzt zum Rockgitarrist: &#8222;Sie haben nur noch f\u00fcnf Monate zu leben!&#8220;<br \/>\nMusiker: &#8222;Wovon denn?&#8220;<\/td>\n<\/tr>\n<tr>\n<td width=\"100%\">Was haben Dirigent und Kondom gemeinsam ?Mit ist sicherer, ohne ist sch\u00f6ner<\/td>\n<\/tr>\n<tr>\n<td width=\"100%\">&#8222;Kennst du eigentlich Beethovens Zehnte ?&#8220;\u00a0 ..Nein, wusste \u00fcberhaupt nicht, dass er so oft verheiratet war ?&#8220;<\/td>\n<\/tr>\n<tr>\n<td width=\"100%\">Was sind 1000 Gitarren auf dem Meeresgrund? &#8211; Nicht viel, aber &#8220; Ein Guter Anfang&#8220;.<\/td>\n<\/tr>\n<tr>\n<td width=\"100%\">Zwei J\u00e4ger sitzen auf ihrem Hochsitz. Ein stattlicher Hirsch n\u00e4hert sicht.<br \/>\n&#8222;Der Bursche kann sein Testament machen&#8220;, sagt der eine J\u00e4ger, legt an<br \/>\nund schie\u00dft. Der Schuss kracht und der Hirsch springt ins Geb\u00fcsch.<br \/>\nSagt der andere J\u00e4ger: &#8222;Wahrscheinlich l\u00e4uft er jetzt zum Notar&#8220;<\/td>\n<\/tr>\n<tr>\n<td width=\"100%\">Bassist zum Schlagzeuger : &#8222;Wo ist denn dein neues\u00a0 Metronom ?&#8220; Schlagzeuger:&#8220; Das bl\u00f6de Ding geht immer vor ! Das ist wahrscheinlich schon zu Hause.&#8220;<\/td>\n<\/tr>\n<tr>\n<td width=\"100%\">Der Bratschist geht nach dem Konzert in die Kantine. Es ist nur noch ein Platz am Tisch des Dirigenten frei. H\u00f6flich fragt er den Dirigenten. &#8222;Darf ich mich dazu setzen?&#8220; Darauf der Dirigent:&#8220;Seit wann sitzen der Adler und das Schwein am gleichen Tisch ?&#8220; Der Bratschist: &#8222;Na gut, dann flieg ich eben weiter.&#8220;<\/td>\n<\/tr>\n<tr>\n<td width=\"100%\">Herr Kapellmeister, wenn Sie nicht aufh\u00f6ren an unserer Musik rumzun\u00f6rgeln, dann spielen wir so wie Sie drigieren&#8230;\u00a0 von Andre Fiedler<\/td>\n<\/tr>\n<tr>\n<td width=\"100%\">Einen Trompeter der nicht richtig spielen kann nimmt man die Trompete wieder weg und gibt ihm zwei St\u00f6cke in die Hand. Wenn er als Schlagzeuger auch nichts taugt, dann nimmt man ihm einen Stock weg und stellt ihn vors Orchester.<\/td>\n<\/tr>\n<tr>\n<td width=\"100%\">W\u00e4hrend einer Probe wird ein Musiker vom Kapellmeister aufgefressen. Im Magen trifft er auf einen Hornisten. Fragt er den Hornisten, ob er denn auch vom Kapellmeister aufgefressen worden sei. So antwortet dieser: N\u00f6, ich bin von hinten reingekrochen.<\/td>\n<\/tr>\n<tr>\n<td width=\"100%\">Zwei Ehefrauen von zwei Kontrabassisten unterhalten sich, welcher der bessere sei. Der erste spielt alle Tonleitern in einem rasanten Tempo rauf und runter, w\u00e4hrenddessen der zweite konstant immer nur einen Ton spielt. Da sagt die Frau des Zweiten, na ganz klar! Meiner ist der bessere! Er hat den Ton schon gefunden, den deiner noch sucht&#8230;<\/td>\n<\/tr>\n<tr>\n<td width=\"100%\">Wie bringt man Trompeter dazu so laut wie m\u00f6glich zu blasen? Man schreibt ein &#8222;p&#8220; in die Noten.<\/td>\n<\/tr>\n<tr>\n<td width=\"100%\">Ein Musiker sitz vor einer Kneipe und heult. Kommt ein Passant vorbei und fragt,\u00a0was ihm denn fehle. Sagt der Musiker: Ich habe keinen Durst&#8230;<\/td>\n<\/tr>\n<tr>\n<td width=\"100%\">Wie nennt man eigentlich die Typen, die immer mit Musikern rumh\u00e4ngen?.. Bassisten von chris w.<\/td>\n<\/tr>\n<tr>\n<td width=\"100%\">Eine Band hat einen Gig und spielt sich auf der B\u00fchne die Seele aus dem<br \/>\nLeib. Der Schlagzeuger denkt &#8222;Mist, ich h\u00f6r meine Snare kaum&#8220; Der Gitarrist<br \/>\ndenkt, &#8222;Typisch, ich bin mal wieder viel zu leise&#8220;, der S\u00e4nger denkt&#8220; Geil.<br \/>\ndie kleine Blonde in der ersten Reihe steht voll auf mich, die ist nach dem<br \/>\nGig f\u00e4llig!&#8220;<br \/>\n&gt; Der Bassist denkt &#8220; C,C,C, A,A,A,G,G,G&#8230;.&#8220; von chris w<\/td>\n<\/tr>\n<tr>\n<td width=\"100%\">Treffen sich zwei Musiker, der eine &#8211; stark verschnupft \u2013 fragt: \u201eHaste mal \u2018n Tempo?\u201cDer Andere: \u201eKlar \u2013 one, two \u2013 one, two, three, four\u2026..<\/td>\n<\/tr>\n<tr>\n<td width=\"100%\">Bassist zum Schlagzeuger: Was ist eigentlich eine \u201eSynkope\u201c? \u2013 Schlagzeuger: Deine Eins!<\/td>\n<\/tr>\n<tr>\n<td width=\"100%\">Eine Big-Band triftt sich 15 Minuten vorm Gig. Der Bandleader geht ans Notenpult und erkl\u00e4rt: &#8222;Also, New York &#8211; New York spielen wir heute abend etwas anders. Wir lassen das Intro weg &#8211; spielen direkt 4 x den Chorus &#8211; spielen dann den Chorus noch 2 x eine kleine Terz tiefer und dann zum Schlu\u00df nochmal eine Quinte h\u00f6her&#8220; Die Musiker machen sich alle eifrig Notitzen. Nur die S\u00e4ngerin schaut etwas verwirrt und sagt: &#8222;Sorry, aber das habe ich jetzt nicht kapiert.&#8220;<br \/>\nDarauf der Bandleader: &#8222;Naja, du singst es einfach so wie gestern abend&#8220;.<\/td>\n<\/tr>\n<tr>\n<td width=\"100%\">Zwei kleine Nonnen&#8230;\u00a0 von Fr. Z.<\/p>\n<p>Zwei Nonnen, Schwester Logica (SL) und Schwester<br \/>\nMathematica (SM), befinden sich auf dem Heimweg<br \/>\nzu ihrem Kloster.<\/p>\n<p>SM: Hast Du bemerkt, dass uns ein Mann seit 38 1\/2<br \/>\nMinuten folgt? Ich frage mich, was er wohl will.<\/p>\n<p>SL: Das ist doch logisch &#8211; er will uns vergewaltigen.<\/p>\n<p>SM: Oh weh! Bei dieser Geschwindigkeit und Entfernung<br \/>\nwird er uns in sp\u00e4testens 15 Minuten eingeholt haben.<br \/>\nWas sollen wir tun?<\/p>\n<p>SL: Das einzig Logische: schneller laufen.<\/p>\n<p>SM: Es funktioniert nicht.<\/p>\n<p>SL: Nat\u00fcrlich funktioniert es nicht. Der Mann tat ebenfalls<br \/>\ndas einzig Logische: Er l\u00e4uft ebenfalls schneller.<\/p>\n<p>SM: Was sollen wir also tun? Bei dieser Geschwindigkeit<br \/>\nwird er uns in einer Minute einholen.<\/p>\n<p>SL: Das einzig Logische: Wir trennen uns. Du gehst diesen<br \/>\nWeg und ich jenen. Er kann uns nicht beiden folgen.<\/p>\n<p>Der Mann folgte Schwester Logica.<\/p>\n<p>Schwester Mathematica erreicht das Kloster und ist<br \/>\nbeunruhigt wegen Schwester Logica.<\/p>\n<p>Endlich kommt Schwester Logica.<\/p>\n<p>SM: Schwester Logica! Gott sei Dank bist du hier!<br \/>\nSag mir, was geschehen ist!<\/p>\n<p>SL: Das einzig Logische: Der Mann konnte uns nicht<br \/>\nbeiden folgen, also folgte er mir.<\/p>\n<p>SM: Ja, ja! Aber was passierte dann ?<\/p>\n<p>SL: Das einzig Logische: Ich begann, so schnell zu<br \/>\nlaufen wie ich konnte.<\/p>\n<p>SM: Und dann?<\/p>\n<p>SL: Ist doch logisch. Er begann auch so schnell zu<br \/>\nlaufen wie der konnte.<\/p>\n<p>SM: Ja und dann?<\/p>\n<p>SL: Es kam, wie es kommen musste: Der Mann holte<br \/>\nmich ein.<\/p>\n<p>SM: Du Arme, was hast Du dann getan?<\/p>\n<p>SL: Das einzig Logische: Ich hob meinen Rock hoch.<\/p>\n<p>SM: Oh! Schwester! Was tat der Mann da?<\/p>\n<p>SL: Das einzig Logische: Er liess seine Hose herunter.<\/p>\n<p>SM: Oh nein! Und? Was geschah dann ?<\/p>\n<p>SL: Ist es nicht logisch, Schwester? Eine Nonne<br \/>\nmit gehobenen Rock kann schneller laufen als<br \/>\nein Mann mit heruntergelassenen Hosen!<\/p>\n<p>Ihr Alle, die Ihr gedacht habt, hier w\u00fcrde nun eine<br \/>\nschmutzige Geschichte folgen, betet zwei Ave Maria !<\/td>\n<\/tr>\n<tr>\n<td width=\"100%\">Letztes Wochenende habe ich mich mit ein paar Freunden \u00fcber Bier diskutiert. Einer sagte dann pl\u00f6tzlich, dass Bier weibliche Hormone enth\u00e4lt. Nachdem wir ihn &#8211; wegen seiner dummen Bemerkung &#8211; ein wenig aufs Korn genommen haben, beschlossen wir die Sache wissenschaftlich zu \u00fcberpr\u00fcfen. So hat jeder von uns, rein f\u00fcr die Wissenschaft, 10 Bier getrunken. Am Ende dieser 10 Runden haben wir dann folgendes festgestellt:<\/p>\n<p>1. Wir hatten zugenommen.<\/p>\n<p>2. Wir redeten eine Menge, ohne dabei etwas zu sagen.<\/p>\n<p>3. Wir hatten Probleme beim Fahren.<\/p>\n<p>4. Es war uns unm\u00f6glich, auch nur im Entferntesten logisch zu denken.<\/p>\n<p>5. Es gelang uns nicht, zuzugeben, wenn wir im Unrecht waren, auch wenn es noch so eindeutig schien.<\/p>\n<p>6. Jeder von uns glaubte er w\u00e4re der Mittelpunkt des Universums.<\/p>\n<p>7. Wir hatten Kopfschmerzen und keine Lust auf Sex<\/p>\n<p>.8. Unsere Emotionen waren schwer kontrollierbar<\/p>\n<p>.9. Wir hielten uns gegenseitig an den H\u00e4nden.<\/p>\n<p>10. Und zur Kr\u00f6nung: wir mussten alle 10 Minuten auf die Toilette und zwar alle gleichzeitig.<\/td>\n<\/tr>\n<tr>\n<td width=\"100%\"><span style=\"color: #ff0000;\">Ihr habt auch noch Einen ? Her damit. Andere wollen auch mal lachen. <\/span><a href=\"mailto:ttmsoft@t-online.de\"><span style=\"color: #ff0000;\">email<\/span><\/a><\/td>\n<\/tr>\n<tr>\n<td width=\"100%\">Schwarz auf wei\u00df ..noch viel mehr musikalischer Unsinn.<\/td>\n<\/tr>\n<tr>\n<td width=\"100%\"><em><u>Aufgeschnappt &#8211; Kundenspr\u00fcche\u00a0<\/u>\u00a0 Achtung kein Witz ! oder warum ich gerne Musikalienh\u00e4ndler bin.<\/em><\/p>\n<p>Kunde kommt Mittwochs in den Laden !<\/p>\n<p>K: Habt ihr Ger\u00e4t XY ?<\/p>\n<p>V: Klar.<\/p>\n<p>K: Hat das MIDI ? und wie kann ich das mit meinen Amp koppeln und bedienen ?<\/p>\n<p>V: Holt Ger\u00e4t, liest die Bedienungsanleitung. Ber\u00e4t.<\/p>\n<p>K: Prima, dann weiss ich das ja schon mal, hab mir das Ger\u00e4t beim Musics&#8230;.. bestellt, kommt aber erst Samstag.<\/p>\n<p>K: Warum wollt ihr f\u00fcr ein MIDIFILE Geld haben ? Unversch\u00e4mt. Die kann ich mir doch Online umsonst downloaden ?<\/p>\n<p>K: Bitte informieren Sie den Gitarrenlehrer, dass mein Sohn nicht zum Unterricht kommen kann, wir haben unsere onlinebestellte Gitarre wegen eines Garantiefalles eingeschickt. Wird etwas l\u00e4nger dauern.<\/p>\n<p>V: Machen wir gerne. (V denkt sich: Da hat sich das Sparen ja gelohnt.)<\/p>\n<p>K: Was kostet das Gitarrestimmen ? Darf ich zuschauen ? Das Instrument vom &#8222;Schniedl&#8220; war leider nicht gestimmt, sagte der Lehrer.<\/p>\n<p>(V: denkt! &#8220; Ach. Da war die Fachverk\u00e4uferin an der K\u00e4setheke wohl out of tune&#8220;.)<\/td>\n<\/tr>\n<tr>\n<td width=\"100%\"><\/td>\n<\/tr>\n<\/tbody>\n<\/table>\n<ul>\n<li><\/li>\n<\/ul>\n","protected":false},"excerpt":{"rendered":"<p>&nbsp; So\u00b4n Quatsch\u00a0Musikerwitze gesammelt von Musikladen Bendorf Achtung !!!wir \u00fcbernehmen keine Verantwortung f\u00fcr die Richtigkeit und den daraus resultierenden Spa\u00dffaktor, au\u00dferdem entschuldigen wir uns bei allen betroffenen Minderheiten. Unsere Leserbeitr\u00e4ge. Danke und bitte mehr davon ! Noch zwei Gitarristenl\u00fcgen: &#8222;Ich bin nicht zu laut!&#8220; &#8222;Ich hab&#8216; schon\u00a0 leiser gedreht!&#8220; Was ist der Unterschied zwischen Terroristen &hellip; <\/p>\n<p class=\"link-more\"><a href=\"https:\/\/musikcenter.de\/?page_id=49\" class=\"more-link\"><span class=\"screen-reader-text\">\u201eMusikerwitze\u201c <\/span>weiterlesen<\/a><\/p>\n","protected":false},"author":1,"featured_media":0,"parent":0,"menu_order":0,"comment_status":"closed","ping_status":"closed","template":"","meta":{"footnotes":""},"class_list":["post-49","page","type-page","status-publish","hentry"],"_links":{"self":[{"href":"https:\/\/musikcenter.de\/index.php?rest_route=\/wp\/v2\/pages\/49","targetHints":{"allow":["GET"]}}],"collection":[{"href":"https:\/\/musikcenter.de\/index.php?rest_route=\/wp\/v2\/pages"}],"about":[{"href":"https:\/\/musikcenter.de\/index.php?rest_route=\/wp\/v2\/types\/page"}],"author":[{"embeddable":true,"href":"https:\/\/musikcenter.de\/index.php?rest_route=\/wp\/v2\/users\/1"}],"replies":[{"embeddable":true,"href":"https:\/\/musikcenter.de\/index.php?rest_route=%2Fwp%2Fv2%2Fcomments&post=49"}],"version-history":[{"count":4,"href":"https:\/\/musikcenter.de\/index.php?rest_route=\/wp\/v2\/pages\/49\/revisions"}],"predecessor-version":[{"id":57,"href":"https:\/\/musikcenter.de\/index.php?rest_route=\/wp\/v2\/pages\/49\/revisions\/57"}],"wp:attachment":[{"href":"https:\/\/musikcenter.de\/index.php?rest_route=%2Fwp%2Fv2%2Fmedia&parent=49"}],"curies":[{"name":"wp","href":"https:\/\/api.w.org\/{rel}","templated":true}]}}